{"id":954,"date":"2023-08-16T13:16:52","date_gmt":"2023-08-16T11:16:52","guid":{"rendered":"https:\/\/armadurasatarrabia.com\/?page_id=954"},"modified":"2023-09-17T11:31:08","modified_gmt":"2023-09-17T09:31:08","slug":"cookies","status":"publish","type":"page","link":"https:\/\/armadurasatarrabia.com\/fr\/cookies\/","title":{"rendered":"Cookies"},"content":{"rendered":"<div id=\"fws_69d26e1dde9fd\"  data-column-margin=\"default\" data-midnight=\"dark\"  class=\"wpb_row vc_row-fluid vc_row\"  style=\"padding-top: 0px; padding-bottom: 0px; \"><div class=\"row-bg-wrap\" data-bg-animation=\"none\" data-bg-animation-delay=\"\" data-bg-overlay=\"false\"><div class=\"inner-wrap row-bg-layer\" ><div class=\"row-bg viewport-desktop\"  style=\"\"><\/div><\/div><\/div><div class=\"row_col_wrap_12 col span_12 dark left\">\n\t<div  class=\"vc_col-sm-12 wpb_column column_container vc_column_container col no-extra-padding inherit_tablet inherit_phone\"  data-padding-pos=\"all\" data-has-bg-color=\"false\" data-bg-color=\"\" data-bg-opacity=\"1\" data-animation=\"\" data-delay=\"0\" >\n\t\t<div class=\"vc_column-inner\" >\n\t\t\t<div class=\"wpb_wrapper\">\n\t\t\t\t<div class=\"divider-wrap height_tablet_25px height_phone_25px\" data-alignment=\"default\"><div style=\"height: 25px;\" class=\"divider\"><\/div><\/div>\n\t\t\t<\/div> \n\t\t<\/div>\n\t<\/div> \n<\/div><\/div>\n\t\t<div id=\"fws_69d26e1ddecec\"  data-column-margin=\"default\" data-midnight=\"dark\" data-top-percent=\"1%\" data-bottom-percent=\"1%\"  class=\"wpb_row vc_row-fluid vc_row full-width-content vc_row-o-equal-height vc_row-flex vc_row-o-content-top  top_margin_5pct scale_desktop_1-02 rotate_desktop_2deg nectar-overflow-hidden\"  style=\"padding-top: calc(100vw * 0.01); padding-bottom: calc(100vw * 0.01); \"><div class=\"row-bg-wrap\" data-bg-animation=\"none\" data-bg-animation-delay=\"\" data-bg-overlay=\"false\"><div class=\"inner-wrap row-bg-layer\" ><div class=\"row-bg viewport-desktop using-bg-color\"  style=\"background-color: #ff5149; \"><\/div><\/div><div class=\"row-bg-overlay row-bg-layer\" style=\"\"><\/div><\/div><div class=\"row_col_wrap_12 col span_12 dark left\">\n\t<div  class=\"vc_col-sm-12 wpb_column column_container vc_column_container col no-extra-padding el_spacing_0px inherit_tablet inherit_phone\"  data-padding-pos=\"all\" data-has-bg-color=\"false\" data-bg-color=\"\" data-bg-opacity=\"1\" data-animation=\"\" data-delay=\"0\" data-scroll-animation=\"true\" data-scroll-animation-movement=\"transform_x\" data-scroll-animation-mobile=\"true\" data-scroll-animation-intensity=\"-2.5\" >\n\t\t<div class=\"vc_column-inner\" >\n\t\t\t<div class=\"wpb_wrapper\">\n\t\t\t\t<div class=\"nectar-scrolling-text font_size_5vw font_size_mobile_9vw custom_color text_space_medium\" data-style=\"default\" data-s-dir=\"rtl\" data-spacing=\"true\" data-outline-thickness=\"thin\" data-s-speed=\"slowest\" data-overflow=\"visible\" ><div class=\"nectar-scrolling-text-inner\" style=\"color: #000000;\"><div class=\"nectar-scrolling-text-inner__text-chunk\">\n<h2>Cookies<\/h2>\n<\/div><div class=\"nectar-scrolling-text-inner__text-chunk\">\n<h2>Cookies<\/h2>\n<\/div><div class=\"nectar-scrolling-text-inner__text-chunk\">\n<h2>Cookies<\/h2>\n<\/div><div class=\"nectar-scrolling-text-inner__text-chunk\">\n<h2>Cookies<\/h2>\n<\/div><div class=\"nectar-scrolling-text-inner__text-chunk\">\n<h2>Cookies<\/h2>\n<\/div><\/div><\/div>\n\t\t\t<\/div> \n\t\t<\/div>\n\t<\/div> \n<\/div><\/div>\n\t\t<div id=\"fws_69d26e1ddeef5\"  data-column-margin=\"default\" data-midnight=\"dark\" data-top-percent=\"1%\" data-bottom-percent=\"1%\"  class=\"wpb_row vc_row-fluid vc_row full-width-content vc_row-o-equal-height vc_row-flex vc_row-o-content-top  bottom_margin_5pct zindex-set scale_desktop_1-02 rotate_desktop_358deg nectar-overflow-hidden\"  style=\"padding-top: calc(100vw * 0.01); padding-bottom: calc(100vw * 0.01);  z-index: 20;\"><div class=\"row-bg-wrap\" data-bg-animation=\"none\" data-bg-animation-delay=\"\" data-bg-overlay=\"false\"><div class=\"inner-wrap row-bg-layer\" ><div class=\"row-bg viewport-desktop using-bg-color\"  style=\"background-color: #000000; \"><\/div><\/div><\/div><div class=\"row_col_wrap_12 col span_12 dark left\">\n\t<div  class=\"vc_col-sm-12 wpb_column column_container vc_column_container col no-extra-padding el_spacing_0px inherit_tablet inherit_phone\"  data-padding-pos=\"all\" data-has-bg-color=\"false\" data-bg-color=\"\" data-bg-opacity=\"1\" data-animation=\"\" data-delay=\"0\" data-scroll-animation=\"true\" data-scroll-animation-movement=\"transform_x\" data-scroll-animation-mobile=\"true\" data-scroll-animation-intensity=\"2.5\" >\n\t\t<div class=\"vc_column-inner\" >\n\t\t\t<div class=\"wpb_wrapper\">\n\t\t\t\t<div class=\"nectar-scrolling-text font_size_5vw font_size_mobile_9vw custom_color text_space_medium\" data-style=\"default\" data-s-dir=\"ltr\" data-spacing=\"true\" data-outline-thickness=\"thin\" data-s-speed=\"slowest\" data-overflow=\"visible\" ><div class=\"nectar-scrolling-text-inner\" style=\"color: #ffffff;\"><div class=\"nectar-scrolling-text-inner__text-chunk\">\n<h2>Cookies<\/h2>\n<\/div><div class=\"nectar-scrolling-text-inner__text-chunk\">\n<h2>Cookies<\/h2>\n<\/div><div class=\"nectar-scrolling-text-inner__text-chunk\">\n<h2>Cookies<\/h2>\n<\/div><div class=\"nectar-scrolling-text-inner__text-chunk\">\n<h2>Cookies<\/h2>\n<\/div><div class=\"nectar-scrolling-text-inner__text-chunk\">\n<h2>Cookies<\/h2>\n<\/div><\/div><\/div>\n\t\t\t<\/div> \n\t\t<\/div>\n\t<\/div> \n<\/div><\/div>\n\t\t<div id=\"fws_69d26e1ddf030\"  data-column-margin=\"default\" data-midnight=\"dark\"  class=\"wpb_row vc_row-fluid vc_row\"  style=\"padding-top: 0px; padding-bottom: 0px; \"><div class=\"row-bg-wrap\" data-bg-animation=\"none\" data-bg-animation-delay=\"\" data-bg-overlay=\"false\"><div class=\"inner-wrap row-bg-layer\" ><div class=\"row-bg viewport-desktop\"  style=\"\"><\/div><\/div><\/div><div class=\"row_col_wrap_12 col span_12 dark left\">\n\t<div  class=\"vc_col-sm-2 wpb_column column_container vc_column_container col no-extra-padding inherit_tablet inherit_phone\"  data-padding-pos=\"all\" data-has-bg-color=\"false\" data-bg-color=\"\" data-bg-opacity=\"1\" data-animation=\"\" data-delay=\"0\" >\n\t\t<div class=\"vc_column-inner\" >\n\t\t\t<div class=\"wpb_wrapper\">\n\t\t\t\t\n\t\t\t<\/div> \n\t\t<\/div>\n\t<\/div> \n\n\t<div  class=\"vc_col-sm-8 wpb_column column_container vc_column_container col no-extra-padding inherit_tablet inherit_phone\"  data-padding-pos=\"all\" data-has-bg-color=\"false\" data-bg-color=\"\" data-bg-opacity=\"1\" data-animation=\"\" data-delay=\"0\" >\n\t\t<div class=\"vc_column-inner\" >\n\t\t\t<div class=\"wpb_wrapper\">\n\t\t\t\t\n<div class=\"wpb_text_column wpb_content_element\" >\n\t<div class=\"wpb_wrapper\">\n\t\t<p><strong><span style=\"color: #ff0000;\">Politique en mati\u00e8re de cookies<\/span><\/strong><br \/>\nDate d'entr\u00e9e en vigueur : 16 ao\u00fbt 2023<br \/>\nDerni\u00e8re mise \u00e0 jour : 16-Aug-2023<\/p>\n<p><strong><span style=\"color: #ff0000;\">Qu'est-ce qu'un biscuit ?<\/span><\/strong><br \/>\nLa pr\u00e9sente politique en mati\u00e8re de cookies explique ce que sont les cookies et comment nous les utilisons, les types de cookies que nous utilisons, c'est-\u00e0-dire les informations que nous collectons \u00e0 l'aide des cookies et la mani\u00e8re dont ces informations sont utilis\u00e9es, ainsi que la mani\u00e8re de g\u00e9rer vos param\u00e8tres de cookies.<\/p>\n<p>Les cookies sont de petits fichiers texte utilis\u00e9s pour stocker de petits \u00e9l\u00e9ments d'information. Ils sont stock\u00e9s sur votre appareil lorsque le site web se charge dans votre navigateur. Ces cookies nous aident \u00e0 faire fonctionner le site web correctement, \u00e0 le rendre plus s\u00fbr, \u00e0 offrir une meilleure exp\u00e9rience \u00e0 l'utilisateur et \u00e0 comprendre le fonctionnement du site web et \u00e0 analyser ce qui fonctionne et ce qui doit \u00eatre am\u00e9lior\u00e9.<\/p>\n<p><strong><span style=\"color: #ff0000;\">Comment utilisons-nous les cookies ?<\/span><\/strong><br \/>\nComme la plupart des services en ligne, notre site web utilise des cookies de premi\u00e8re partie et de tierce partie \u00e0 des fins diverses. Les cookies de premi\u00e8re partie sont essentiellement n\u00e9cessaires au bon fonctionnement du site web et ne collectent aucune information personnelle identifiable vous concernant.<\/p>\n<p>Les cookies de tiers utilis\u00e9s sur notre site web servent principalement \u00e0 comprendre le fonctionnement du site web, la mani\u00e8re dont vous interagissez avec notre site web, \u00e0 assurer la s\u00e9curit\u00e9 de nos services, \u00e0 fournir des publicit\u00e9s pertinentes pour vous et, en fin de compte, \u00e0 vous offrir une exp\u00e9rience utilisateur am\u00e9lior\u00e9e et \u00e0 acc\u00e9l\u00e9rer vos interactions futures avec notre site web.<\/p>\n<p><strong><span style=\"color: #ff0000;\">Types de cookies que nous utilisons<\/span><\/strong><\/p>\n<p>G\u00e9rer les pr\u00e9f\u00e9rences en mati\u00e8re de cookies<br \/>\nParam\u00e8tres des cookies<br \/>\nVous pouvez modifier vos pr\u00e9f\u00e9rences en mati\u00e8re de cookies \u00e0 tout moment en cliquant sur le bouton ci-dessus. Cela vous permettra de revenir sur la banni\u00e8re de consentement aux cookies et de modifier vos pr\u00e9f\u00e9rences ou de retirer votre consentement imm\u00e9diatement.<\/p>\n<p>En outre, les navigateurs proposent des m\u00e9thodes diff\u00e9rentes pour bloquer et supprimer les cookies utilis\u00e9s par les sites web. Vous pouvez modifier les param\u00e8tres de votre navigateur pour bloquer ou supprimer les cookies. Vous trouverez ci-dessous des liens vers des documents d'aide sur la mani\u00e8re de g\u00e9rer et de supprimer les cookies des principaux navigateurs web.<\/p>\n<p>Chrome : https:\/\/support.google.com\/accounts\/answer\/32050<\/p>\n<p>Safari : https:\/\/support.apple.com\/en-in\/guide\/safari\/sfri11471\/mac<\/p>\n<p>Firefox : https:\/\/support.mozilla.org\/en-US\/kb\/clear-cookies-and-site-data-firefox?redirectslug=delete-cookies-remove-info-websites-stored&amp;redirectlocale=en-US<\/p>\n<p>Internet Explorer : https:\/\/support.microsoft.com\/en-us\/topic\/how-to-delete-cookie-files-in-internet-explorer-bca9446f-d873-78de-77ba-d42645fa52fc<\/p>\n<p>Si vous utilisez un autre navigateur web, veuillez consulter les documents d'assistance officiels de votre navigateur.<\/p>\n\t<\/div>\n<\/div>\n\n\n\n\n\t\t\t<\/div> \n\t\t<\/div>\n\t<\/div> \n\n\t<div  class=\"vc_col-sm-2 wpb_column column_container vc_column_container col no-extra-padding inherit_tablet inherit_phone\"  data-padding-pos=\"all\" data-has-bg-color=\"false\" data-bg-color=\"\" data-bg-opacity=\"1\" data-animation=\"\" data-delay=\"0\" >\n\t\t<div class=\"vc_column-inner\" >\n\t\t\t<div class=\"wpb_wrapper\">\n\t\t\t\t\n\t\t\t<\/div> \n\t\t<\/div>\n\t<\/div> \n<\/div><\/div>","protected":false},"excerpt":{"rendered":"Cookies Cookies Cookies Cookies Cookies Cookies Cookies Cookies Cookies Cookies Pol\u00edtica de cookies Fecha de entrada en vigor: 16-ago-2023 \u00daltima actualizaci\u00f3n: 16-ago-2023 \u00bfQu\u00e9 son las cookies? Esta Pol\u00edtica de Cookies...","protected":false},"author":1,"featured_media":0,"parent":0,"menu_order":0,"comment_status":"closed","ping_status":"closed","template":"","meta":{"footnotes":""},"class_list":["post-954","page","type-page","status-publish"],"yoast_head":"<!-- This site is optimized with the Yoast SEO Premium plugin v20.12 (Yoast SEO v27.3) - https:\/\/yoast.com\/product\/yoast-seo-premium-wordpress\/ -->\n<title>Armaduras Atarrabia - Cookies<\/title>\n<meta name=\"description\" content=\"Las Cookies son peque\u00f1os archivos de texto generados durante su recorrido por las p\u00e1ginas y sirven para almacenar informaci\u00f3n sobre sus visitas.\" \/>\n<meta name=\"robots\" content=\"index, follow, max-snippet:-1, max-image-preview:large, max-video-preview:-1\" \/>\n<link rel=\"canonical\" href=\"https:\/\/armadurasatarrabia.com\/fr\/cookies\/\" \/>\n<meta property=\"og:locale\" content=\"fr_FR\" \/>\n<meta property=\"og:type\" content=\"article\" \/>\n<meta property=\"og:title\" content=\"Cookies\" \/>\n<meta property=\"og:description\" content=\"Las Cookies son peque\u00f1os archivos de texto generados durante su recorrido por las p\u00e1ginas y sirven para almacenar informaci\u00f3n sobre sus visitas.\" \/>\n<meta property=\"og:url\" content=\"https:\/\/armadurasatarrabia.com\/fr\/cookies\/\" \/>\n<meta property=\"og:site_name\" content=\"Armaduras Atarrabia\" \/>\n<meta property=\"article:modified_time\" content=\"2023-09-17T09:31:08+00:00\" \/>\n<meta property=\"og:image\" content=\"https:\/\/armadurasatarrabia.com\/wp-content\/uploads\/2023\/08\/armaduras_2-e1691764157637.webp\" \/>\n\t<meta property=\"og:image:width\" content=\"1200\" \/>\n\t<meta property=\"og:image:height\" content=\"510\" \/>\n\t<meta property=\"og:image:type\" content=\"image\/webp\" \/>\n<meta name=\"twitter:card\" content=\"summary_large_image\" \/>\n<meta name=\"twitter:label1\" content=\"Dur\u00e9e de lecture estim\u00e9e\" \/>\n\t<meta name=\"twitter:data1\" content=\"3 minutes\" \/>\n<script type=\"application\/ld+json\" class=\"yoast-schema-graph\">{\"@context\":\"https:\\\/\\\/schema.org\",\"@graph\":[{\"@type\":\"WebPage\",\"@id\":\"https:\\\/\\\/armadurasatarrabia.com\\\/cookies\\\/\",\"url\":\"https:\\\/\\\/armadurasatarrabia.com\\\/cookies\\\/\",\"name\":\"Armaduras Atarrabia - Cookies\",\"isPartOf\":{\"@id\":\"https:\\\/\\\/armadurasatarrabia.com\\\/#website\"},\"datePublished\":\"2023-08-16T11:16:52+00:00\",\"dateModified\":\"2023-09-17T09:31:08+00:00\",\"description\":\"Las Cookies son peque\u00f1os archivos de texto generados durante su recorrido por las p\u00e1ginas y sirven para almacenar informaci\u00f3n sobre sus visitas.\",\"breadcrumb\":{\"@id\":\"https:\\\/\\\/armadurasatarrabia.com\\\/cookies\\\/#breadcrumb\"},\"inLanguage\":\"fr-FR\",\"potentialAction\":[{\"@type\":\"ReadAction\",\"target\":[\"https:\\\/\\\/armadurasatarrabia.com\\\/cookies\\\/\"]}]},{\"@type\":\"BreadcrumbList\",\"@id\":\"https:\\\/\\\/armadurasatarrabia.com\\\/cookies\\\/#breadcrumb\",\"itemListElement\":[{\"@type\":\"ListItem\",\"position\":1,\"name\":\"Home\",\"item\":\"https:\\\/\\\/armadurasatarrabia.com\\\/\"},{\"@type\":\"ListItem\",\"position\":2,\"name\":\"Cookies\"}]},{\"@type\":\"WebSite\",\"@id\":\"https:\\\/\\\/armadurasatarrabia.com\\\/#website\",\"url\":\"https:\\\/\\\/armadurasatarrabia.com\\\/\",\"name\":\"Armaduras Atarrabia\",\"description\":\"Fabricante de ferralla l\u00edder en Navarra\",\"publisher\":{\"@id\":\"https:\\\/\\\/armadurasatarrabia.com\\\/#organization\"},\"potentialAction\":[{\"@type\":\"SearchAction\",\"target\":{\"@type\":\"EntryPoint\",\"urlTemplate\":\"https:\\\/\\\/armadurasatarrabia.com\\\/?s={search_term_string}\"},\"query-input\":{\"@type\":\"PropertyValueSpecification\",\"valueRequired\":true,\"valueName\":\"search_term_string\"}}],\"inLanguage\":\"fr-FR\"},{\"@type\":\"Organization\",\"@id\":\"https:\\\/\\\/armadurasatarrabia.com\\\/#organization\",\"name\":\"Grupo Atarrabia\",\"url\":\"https:\\\/\\\/armadurasatarrabia.com\\\/\",\"logo\":{\"@type\":\"ImageObject\",\"inLanguage\":\"fr-FR\",\"@id\":\"https:\\\/\\\/armadurasatarrabia.com\\\/#\\\/schema\\\/logo\\\/image\\\/\",\"url\":\"https:\\\/\\\/armadurasatarrabia.com\\\/wp-content\\\/uploads\\\/2023\\\/09\\\/atarrabia.png\",\"contentUrl\":\"https:\\\/\\\/armadurasatarrabia.com\\\/wp-content\\\/uploads\\\/2023\\\/09\\\/atarrabia.png\",\"width\":588,\"height\":401,\"caption\":\"Grupo Atarrabia\"},\"image\":{\"@id\":\"https:\\\/\\\/armadurasatarrabia.com\\\/#\\\/schema\\\/logo\\\/image\\\/\"}}]}<\/script>\n<!-- \/ Yoast SEO Premium plugin. -->","yoast_head_json":{"title":"Armaduras Atarrabia - Cookies","description":"Las Cookies son peque\u00f1os archivos de texto generados durante su recorrido por las p\u00e1ginas y sirven para almacenar informaci\u00f3n sobre sus visitas.","robots":{"index":"index","follow":"follow","max-snippet":"max-snippet:-1","max-image-preview":"max-image-preview:large","max-video-preview":"max-video-preview:-1"},"canonical":"https:\/\/armadurasatarrabia.com\/fr\/cookies\/","og_locale":"fr_FR","og_type":"article","og_title":"Cookies","og_description":"Las Cookies son peque\u00f1os archivos de texto generados durante su recorrido por las p\u00e1ginas y sirven para almacenar informaci\u00f3n sobre sus visitas.","og_url":"https:\/\/armadurasatarrabia.com\/fr\/cookies\/","og_site_name":"Armaduras Atarrabia","article_modified_time":"2023-09-17T09:31:08+00:00","og_image":[{"width":1200,"height":510,"url":"https:\/\/armadurasatarrabia.com\/wp-content\/uploads\/2023\/08\/armaduras_2-e1691764157637.webp","type":"image\/webp"}],"twitter_card":"summary_large_image","twitter_misc":{"Dur\u00e9e de lecture estim\u00e9e":"3 minutes"},"schema":{"@context":"https:\/\/schema.org","@graph":[{"@type":"WebPage","@id":"https:\/\/armadurasatarrabia.com\/cookies\/","url":"https:\/\/armadurasatarrabia.com\/cookies\/","name":"Armaduras Atarrabia - Cookies","isPartOf":{"@id":"https:\/\/armadurasatarrabia.com\/#website"},"datePublished":"2023-08-16T11:16:52+00:00","dateModified":"2023-09-17T09:31:08+00:00","description":"Las Cookies son peque\u00f1os archivos de texto generados durante su recorrido por las p\u00e1ginas y sirven para almacenar informaci\u00f3n sobre sus visitas.","breadcrumb":{"@id":"https:\/\/armadurasatarrabia.com\/cookies\/#breadcrumb"},"inLanguage":"fr-FR","potentialAction":[{"@type":"ReadAction","target":["https:\/\/armadurasatarrabia.com\/cookies\/"]}]},{"@type":"BreadcrumbList","@id":"https:\/\/armadurasatarrabia.com\/cookies\/#breadcrumb","itemListElement":[{"@type":"ListItem","position":1,"name":"Home","item":"https:\/\/armadurasatarrabia.com\/"},{"@type":"ListItem","position":2,"name":"Cookies"}]},{"@type":"WebSite","@id":"https:\/\/armadurasatarrabia.com\/#website","url":"https:\/\/armadurasatarrabia.com\/","name":"Armaduras Atarrabia","description":"Premier fabricant de barres d'armature en Navarre","publisher":{"@id":"https:\/\/armadurasatarrabia.com\/#organization"},"potentialAction":[{"@type":"SearchAction","target":{"@type":"EntryPoint","urlTemplate":"https:\/\/armadurasatarrabia.com\/?s={search_term_string}"},"query-input":{"@type":"PropertyValueSpecification","valueRequired":true,"valueName":"search_term_string"}}],"inLanguage":"fr-FR"},{"@type":"Organization","@id":"https:\/\/armadurasatarrabia.com\/#organization","name":"Groupe Atarrabia","url":"https:\/\/armadurasatarrabia.com\/","logo":{"@type":"ImageObject","inLanguage":"fr-FR","@id":"https:\/\/armadurasatarrabia.com\/#\/schema\/logo\/image\/","url":"https:\/\/armadurasatarrabia.com\/wp-content\/uploads\/2023\/09\/atarrabia.png","contentUrl":"https:\/\/armadurasatarrabia.com\/wp-content\/uploads\/2023\/09\/atarrabia.png","width":588,"height":401,"caption":"Grupo Atarrabia"},"image":{"@id":"https:\/\/armadurasatarrabia.com\/#\/schema\/logo\/image\/"}}]}},"_links":{"self":[{"href":"https:\/\/armadurasatarrabia.com\/fr\/wp-json\/wp\/v2\/pages\/954","targetHints":{"allow":["GET"]}}],"collection":[{"href":"https:\/\/armadurasatarrabia.com\/fr\/wp-json\/wp\/v2\/pages"}],"about":[{"href":"https:\/\/armadurasatarrabia.com\/fr\/wp-json\/wp\/v2\/types\/page"}],"author":[{"embeddable":true,"href":"https:\/\/armadurasatarrabia.com\/fr\/wp-json\/wp\/v2\/users\/1"}],"replies":[{"embeddable":true,"href":"https:\/\/armadurasatarrabia.com\/fr\/wp-json\/wp\/v2\/comments?post=954"}],"version-history":[{"count":2,"href":"https:\/\/armadurasatarrabia.com\/fr\/wp-json\/wp\/v2\/pages\/954\/revisions"}],"predecessor-version":[{"id":958,"href":"https:\/\/armadurasatarrabia.com\/fr\/wp-json\/wp\/v2\/pages\/954\/revisions\/958"}],"wp:attachment":[{"href":"https:\/\/armadurasatarrabia.com\/fr\/wp-json\/wp\/v2\/media?parent=954"}],"curies":[{"name":"wp","href":"https:\/\/api.w.org\/{rel}","templated":true}]}}