{"id":607,"date":"2023-08-13T01:55:28","date_gmt":"2023-08-12T23:55:28","guid":{"rendered":"https:\/\/armadurasatarrabia.com\/?page_id=607"},"modified":"2023-09-17T11:39:59","modified_gmt":"2023-09-17T09:39:59","slug":"misionvision","status":"publish","type":"page","link":"https:\/\/armadurasatarrabia.com\/fr\/misionvision\/","title":{"rendered":"Mission et vision"},"content":{"rendered":"<div id=\"fws_69d2a8b941ac5\"  data-column-margin=\"default\" data-midnight=\"dark\"  class=\"wpb_row vc_row-fluid vc_row full-width-content vc_row-o-full-height vc_row-o-columns-stretch vc_row-o-equal-height vc_row-flex vc_row-o-content-middle\"  style=\"padding-top: 0px; padding-bottom: 0px; \"><div class=\"row-bg-wrap\" data-bg-animation=\"none\" data-bg-animation-delay=\"\" data-bg-overlay=\"false\"><div class=\"inner-wrap row-bg-layer\" ><div class=\"row-bg viewport-desktop\"  style=\"\"><\/div><\/div><\/div><div class=\"row_col_wrap_12 col span_12 dark left\">\n\t<div style=\"\" class=\"vc_col-sm-6 wpb_column column_container vc_column_container col no-extra-padding inherit_tablet inherit_phone\" data-using-bg=\"true\" data-padding-pos=\"all\" data-has-bg-color=\"false\" data-bg-color=\"\" data-bg-opacity=\"1\" data-animation=\"\" data-delay=\"0\" >\n\t\t<div class=\"vc_column-inner\" ><div class=\"column-image-bg-wrap column-bg-layer viewport-desktop\" data-bg-pos=\"center center\" data-bg-animation=\"none\" data-bg-overlay=\"false\"><div class=\"inner-wrap\"><div class=\"column-image-bg\" style=\"background-image: url(https:\/\/armadurasatarrabia.com\/wp-content\/uploads\/2023\/08\/handshake_1.jpg); \"><\/div><\/div><\/div>\n\t\t\t<div class=\"wpb_wrapper\">\n\t\t\t\t<div class=\"divider-wrap\" data-alignment=\"default\"><div style=\"height: 300px;\" class=\"divider\"><\/div><\/div>\n\t\t\t<\/div> \n\t\t<\/div>\n\t<\/div> \n\n\t<div style=\"\" class=\"vc_col-sm-6 wpb_column column_container vc_column_container col has-animation padding-8-percent inherit_tablet inherit_phone\" data-using-bg=\"true\" data-padding-pos=\"all\" data-has-bg-color=\"true\" data-bg-color=\"#ffffff\" data-bg-opacity=\"1\" data-animation=\"fade-in-from-right\" data-delay=\"0\" >\n\t\t<div class=\"vc_column-inner\" ><div class=\"column-bg-overlay-wrap column-bg-layer\" data-bg-animation=\"none\"><div class=\"column-bg-overlay\" style=\"opacity: 1; background-color: #ffffff;\"><\/div><\/div>\n\t\t\t<div class=\"wpb_wrapper\">\n\t\t\t\t\n<div class=\"nectar-animated-title\" data-style=\"color-strip-reveal\" data-color=\"accent-color\">\n\t<div class=\"nectar-animated-title-outer\">\n\t\t<div class=\"nectar-animated-title-inner\">\n\t\t\t<div class=\"wrap\"><h5 style=\"color: #ffffff;\">Mission, vision<\/h5><\/div>\n\t\t<\/div>\n\t<\/div>\n<\/div>\n<div class=\"wpb_text_column wpb_content_element  vc_custom_1692444205325\" >\n\t<div class=\"wpb_wrapper\">\n\t\t<h4><strong><span style=\"color: #ff0000;\">La mission<\/span><\/strong>\u00a0La mission d'ARMADURAS ATARRABIA est de r\u00e9pondre aux besoins de nos clients, en leur fournissant des services et des produits conformes \u00e0 nos normes de qualit\u00e9, tout en essayant de respecter l'environnement. De m\u00eame, nos employ\u00e9s qualifi\u00e9s sont notre plus grand atout et nous essayons toujours de faire d'ARMADURAS ATARRABIA l'endroit id\u00e9al o\u00f9 ils peuvent d\u00e9velopper leurs comp\u00e9tences professionnelles tout en conciliant leur vie personnelle.<\/h4>\n\t<\/div>\n<\/div>\n\n\n\n\n<div class=\"wpb_text_column wpb_content_element  vc_custom_1692444200783\" >\n\t<div class=\"wpb_wrapper\">\n\t\t<h4><strong><span style=\"color: #ff0000;\">La vision<\/span><\/strong>\u00a0La vision d'ARMADURAS ATARRABIA pour l'avenir est d'\u00eatre une entreprise leader en croissance continue, avec une pr\u00e9sence et une expansion nationales, qui se distingue en offrant \u00e0 ses clients un service excellent et de qualit\u00e9. En bref, \u00eatre la r\u00e9f\u00e9rence dans notre secteur.<\/h4>\n\t<\/div>\n<\/div>\n\n\n\n\n\t\t\t<\/div> \n\t\t<\/div>\n\t<\/div> \n<\/div><\/div>\n\t\t<div id=\"about-text\"  data-column-margin=\"default\" data-midnight=\"dark\" data-top-percent=\"5%\" data-bottom-percent=\"7%\"  class=\"wpb_row vc_row-fluid vc_row full-width-section\"  style=\"padding-top: calc(100vw * 0.05); padding-bottom: calc(100vw * 0.07); \"><div class=\"row-bg-wrap\" data-bg-animation=\"none\" data-bg-animation-delay=\"\" data-bg-overlay=\"false\"><div class=\"inner-wrap row-bg-layer\" ><div class=\"row-bg viewport-desktop using-bg-color\"  style=\"background-color: #ffffff; \"><\/div><\/div><\/div><div class=\"row_col_wrap_12 col span_12 dark left\">\n\t<div  class=\"vc_col-sm-12 wpb_column column_container vc_column_container col has-animation no-extra-padding inherit_tablet inherit_phone\"  data-padding-pos=\"all\" data-has-bg-color=\"false\" data-bg-color=\"\" data-bg-opacity=\"1\" data-animation=\"fade-in-from-bottom\" data-delay=\"0\" >\n\t\t<div class=\"vc_column-inner\" >\n\t\t\t<div class=\"wpb_wrapper\">\n\t\t\t\t\n<div class=\"wpb_text_column wpb_content_element  vc_custom_1691885415579\" >\n\t<div class=\"wpb_wrapper\">\n\t\t<h1><strong>Valeurs d'une entreprise engag\u00e9e :<\/strong><\/h1>\n\t<\/div>\n<\/div>\n\n\n\n<div id=\"fws_69d2a8b9429ef\" data-midnight=\"\" data-column-margin=\"default\" class=\"wpb_row vc_row-fluid vc_row inner_row\"  style=\"\"><div class=\"row-bg-wrap\"> <div class=\"row-bg\" ><\/div> <\/div><div class=\"row_col_wrap_12_inner col span_12  left\">\n\t<div  class=\"vc_col-sm-6 wpb_column column_container vc_column_container col child_column has-animation padding-3-percent inherit_tablet inherit_phone\"   data-padding-pos=\"top-bottom\" data-has-bg-color=\"false\" data-bg-color=\"\" data-bg-opacity=\"1\" data-animation=\"fade-in-from-bottom\" data-delay=\"0\" >\n\t\t<div class=\"vc_column-inner\" >\n\t\t<div class=\"wpb_wrapper\">\n\t\t\t\n<div class=\"nectar-animated-title\" data-style=\"color-strip-reveal\" data-color=\"accent-color\">\n\t<div class=\"nectar-animated-title-outer\">\n\t\t<div class=\"nectar-animated-title-inner\">\n\t\t\t<div class=\"wrap\"><h6 style=\"color: #ffffff;\">L'\u00e9conomie<\/h6><\/div>\n\t\t<\/div>\n\t<\/div>\n<\/div>\n<div class=\"wpb_text_column wpb_content_element  vc_custom_1691925714577\" >\n\t<div class=\"wpb_wrapper\">\n\t\t<blockquote><p>\n<span style=\"color: #ff0000;\"><strong>Optimiser<\/strong><\/span> nous r\u00e9duisons les kilos de fer au minimum.<\/p>\n<p>Latte unidirectionnelle pour dalles et murs jusqu'\u00e0 \u00d825 avec cons\u00e9quence <strong><span style=\"color: #ff0000;\">l'\u00e9pargne<\/span><\/strong> dans les chevauchements.<\/p>\n<p>Notre grande capacit\u00e9 de production nous permet de vous fournir le mat\u00e9riel dans les plus brefs d\u00e9lais. <strong><span style=\"color: #ff0000;\">t<\/span><span style=\"color: #ff0000;\"><strong>i<\/strong>e temps d'enregistrement<\/span><\/strong> \u00e9liminer les arr\u00eats impr\u00e9vus.<\/p>\n<p>Un produit de grande qualit\u00e9 <strong><span style=\"color: #ff0000;\">qualit\u00e9<\/span><\/strong> qui seront personnalis\u00e9s, r\u00e9duisant ainsi les modifications et les temps d'installation sur place.\n<\/p><\/blockquote>\n\t<\/div>\n<\/div>\n\n\n\n\n\t\t<\/div> \n\t<\/div>\n\t<\/div> \n\n\t<div  class=\"vc_col-sm-6 wpb_column column_container vc_column_container col child_column has-animation padding-3-percent inherit_tablet inherit_phone\"   data-padding-pos=\"top-bottom\" data-has-bg-color=\"false\" data-bg-color=\"\" data-bg-opacity=\"1\" data-animation=\"fade-in-from-bottom\" data-delay=\"100\" >\n\t\t<div class=\"vc_column-inner\" >\n\t\t<div class=\"wpb_wrapper\">\n\t\t\t\n<div class=\"nectar-animated-title\" data-style=\"color-strip-reveal\" data-color=\"accent-color\">\n\t<div class=\"nectar-animated-title-outer\">\n\t\t<div class=\"nectar-animated-title-inner\">\n\t\t\t<div class=\"wrap\"><h6 style=\"color: #ffffff;\">\u00c9cologie<\/h6><\/div>\n\t\t<\/div>\n\t<\/div>\n<\/div>\n<div class=\"wpb_text_column wpb_content_element  vc_custom_1691885580662\" >\n\t<div class=\"wpb_wrapper\">\n\t\t<blockquote><p>\nNos syst\u00e8mes informatiques adapt\u00e9s \u00e0 la derni\u00e8re g\u00e9n\u00e9ration de machines nous permettent d'ex\u00e9cuter un processus de production de la mani\u00e8re la plus efficace et la plus efficiente possible. <strong><span style=\"color: #ff0000;\">un minimum de d\u00e9chets<\/span><\/strong> contribuer au maximum \u00e0 la protection de l'environnement.<\/p>\n<p>Les d\u00e9chets produits dans nos usines sont \u00e9limin\u00e9s conform\u00e9ment aux r\u00e9glementations environnementales en vigueur dans notre pays. Il est de notre responsabilit\u00e9 d'\u00eatre aussi respectueux de l'environnement que possible. <span style=\"color: #ff0000;\"><strong>une entreprise engag\u00e9e dans le d\u00e9veloppement durable<\/strong>.<\/span>\n<\/p><\/blockquote>\n\t<\/div>\n<\/div>\n\n\n\n\n\t\t<\/div> \n\t<\/div>\n\t<\/div> \n<\/div><\/div>\n\t\t\t<\/div> \n\t\t<\/div>\n\t<\/div> \n<\/div><\/div>","protected":false},"excerpt":{"rendered":"Misi\u00f3n, Visi\u00f3n La Misi\u00f3n\u00a0de\u00a0ARMADURAS ATARRABIA\u00a0es atender las necesidades de nuestros clientes, proporcion\u00e1ndoles servicios y productos acordes a nuestros est\u00e1ndares de calidad intentando ser siempre respetuosos con el medio ambiente. As\u00ed...","protected":false},"author":1,"featured_media":0,"parent":0,"menu_order":0,"comment_status":"closed","ping_status":"closed","template":"","meta":{"footnotes":""},"class_list":["post-607","page","type-page","status-publish"],"yoast_head":"<!-- This site is optimized with the Yoast SEO Premium plugin v20.12 (Yoast SEO v27.3) - https:\/\/yoast.com\/product\/yoast-seo-premium-wordpress\/ -->\n<title>Armaduras Atarrabia - Misi\u00f3n &amp; visi\u00f3n<\/title>\n<meta name=\"description\" content=\"La misi\u00f3n &amp; visi\u00f3n de la empresa es clara, atender las necesidades de nuestros clientes, proporcion\u00e1ndoles servicios y productos acordes.\" \/>\n<meta name=\"robots\" content=\"index, follow, max-snippet:-1, max-image-preview:large, max-video-preview:-1\" \/>\n<link rel=\"canonical\" href=\"https:\/\/armadurasatarrabia.com\/fr\/misionvision\/\" \/>\n<meta property=\"og:locale\" content=\"fr_FR\" \/>\n<meta property=\"og:type\" content=\"article\" \/>\n<meta property=\"og:title\" content=\"Misi\u00f3n &amp; visi\u00f3n\" \/>\n<meta property=\"og:description\" content=\"La misi\u00f3n &amp; visi\u00f3n de la empresa es clara, atender las necesidades de nuestros clientes, proporcion\u00e1ndoles servicios y productos acordes.\" \/>\n<meta property=\"og:url\" content=\"https:\/\/armadurasatarrabia.com\/fr\/misionvision\/\" \/>\n<meta property=\"og:site_name\" content=\"Armaduras Atarrabia\" \/>\n<meta property=\"article:modified_time\" content=\"2023-09-17T09:39:59+00:00\" \/>\n<meta property=\"og:image\" content=\"https:\/\/armadurasatarrabia.com\/wp-content\/uploads\/2023\/08\/armaduras_2-e1691764157637.webp\" \/>\n\t<meta property=\"og:image:width\" content=\"1200\" \/>\n\t<meta property=\"og:image:height\" content=\"510\" \/>\n\t<meta property=\"og:image:type\" content=\"image\/webp\" \/>\n<meta name=\"twitter:card\" content=\"summary_large_image\" \/>\n<meta name=\"twitter:label1\" content=\"Dur\u00e9e de lecture estim\u00e9e\" \/>\n\t<meta name=\"twitter:data1\" content=\"2 minutes\" \/>\n<script type=\"application\/ld+json\" class=\"yoast-schema-graph\">{\"@context\":\"https:\\\/\\\/schema.org\",\"@graph\":[{\"@type\":\"WebPage\",\"@id\":\"https:\\\/\\\/armadurasatarrabia.com\\\/misionvision\\\/\",\"url\":\"https:\\\/\\\/armadurasatarrabia.com\\\/misionvision\\\/\",\"name\":\"Armaduras Atarrabia - Misi\u00f3n & visi\u00f3n\",\"isPartOf\":{\"@id\":\"https:\\\/\\\/armadurasatarrabia.com\\\/#website\"},\"datePublished\":\"2023-08-12T23:55:28+00:00\",\"dateModified\":\"2023-09-17T09:39:59+00:00\",\"description\":\"La misi\u00f3n & visi\u00f3n de la empresa es clara, atender las necesidades de nuestros clientes, proporcion\u00e1ndoles servicios y productos acordes.\",\"breadcrumb\":{\"@id\":\"https:\\\/\\\/armadurasatarrabia.com\\\/misionvision\\\/#breadcrumb\"},\"inLanguage\":\"fr-FR\",\"potentialAction\":[{\"@type\":\"ReadAction\",\"target\":[\"https:\\\/\\\/armadurasatarrabia.com\\\/misionvision\\\/\"]}]},{\"@type\":\"BreadcrumbList\",\"@id\":\"https:\\\/\\\/armadurasatarrabia.com\\\/misionvision\\\/#breadcrumb\",\"itemListElement\":[{\"@type\":\"ListItem\",\"position\":1,\"name\":\"Home\",\"item\":\"https:\\\/\\\/armadurasatarrabia.com\\\/\"},{\"@type\":\"ListItem\",\"position\":2,\"name\":\"Misi\u00f3n &#038; visi\u00f3n\"}]},{\"@type\":\"WebSite\",\"@id\":\"https:\\\/\\\/armadurasatarrabia.com\\\/#website\",\"url\":\"https:\\\/\\\/armadurasatarrabia.com\\\/\",\"name\":\"Armaduras Atarrabia\",\"description\":\"Fabricante de ferralla l\u00edder en Navarra\",\"publisher\":{\"@id\":\"https:\\\/\\\/armadurasatarrabia.com\\\/#organization\"},\"potentialAction\":[{\"@type\":\"SearchAction\",\"target\":{\"@type\":\"EntryPoint\",\"urlTemplate\":\"https:\\\/\\\/armadurasatarrabia.com\\\/?s={search_term_string}\"},\"query-input\":{\"@type\":\"PropertyValueSpecification\",\"valueRequired\":true,\"valueName\":\"search_term_string\"}}],\"inLanguage\":\"fr-FR\"},{\"@type\":\"Organization\",\"@id\":\"https:\\\/\\\/armadurasatarrabia.com\\\/#organization\",\"name\":\"Grupo Atarrabia\",\"url\":\"https:\\\/\\\/armadurasatarrabia.com\\\/\",\"logo\":{\"@type\":\"ImageObject\",\"inLanguage\":\"fr-FR\",\"@id\":\"https:\\\/\\\/armadurasatarrabia.com\\\/#\\\/schema\\\/logo\\\/image\\\/\",\"url\":\"https:\\\/\\\/armadurasatarrabia.com\\\/wp-content\\\/uploads\\\/2023\\\/09\\\/atarrabia.png\",\"contentUrl\":\"https:\\\/\\\/armadurasatarrabia.com\\\/wp-content\\\/uploads\\\/2023\\\/09\\\/atarrabia.png\",\"width\":588,\"height\":401,\"caption\":\"Grupo Atarrabia\"},\"image\":{\"@id\":\"https:\\\/\\\/armadurasatarrabia.com\\\/#\\\/schema\\\/logo\\\/image\\\/\"}}]}<\/script>\n<!-- \/ Yoast SEO Premium plugin. -->","yoast_head_json":{"title":"Armaduras Atarrabia - Misi\u00f3n & visi\u00f3n","description":"La misi\u00f3n & visi\u00f3n de la empresa es clara, atender las necesidades de nuestros clientes, proporcion\u00e1ndoles servicios y productos acordes.","robots":{"index":"index","follow":"follow","max-snippet":"max-snippet:-1","max-image-preview":"max-image-preview:large","max-video-preview":"max-video-preview:-1"},"canonical":"https:\/\/armadurasatarrabia.com\/fr\/misionvision\/","og_locale":"fr_FR","og_type":"article","og_title":"Misi\u00f3n & visi\u00f3n","og_description":"La misi\u00f3n & visi\u00f3n de la empresa es clara, atender las necesidades de nuestros clientes, proporcion\u00e1ndoles servicios y productos acordes.","og_url":"https:\/\/armadurasatarrabia.com\/fr\/misionvision\/","og_site_name":"Armaduras Atarrabia","article_modified_time":"2023-09-17T09:39:59+00:00","og_image":[{"width":1200,"height":510,"url":"https:\/\/armadurasatarrabia.com\/wp-content\/uploads\/2023\/08\/armaduras_2-e1691764157637.webp","type":"image\/webp"}],"twitter_card":"summary_large_image","twitter_misc":{"Dur\u00e9e de lecture estim\u00e9e":"2 minutes"},"schema":{"@context":"https:\/\/schema.org","@graph":[{"@type":"WebPage","@id":"https:\/\/armadurasatarrabia.com\/misionvision\/","url":"https:\/\/armadurasatarrabia.com\/misionvision\/","name":"Armaduras Atarrabia - Misi\u00f3n & visi\u00f3n","isPartOf":{"@id":"https:\/\/armadurasatarrabia.com\/#website"},"datePublished":"2023-08-12T23:55:28+00:00","dateModified":"2023-09-17T09:39:59+00:00","description":"La misi\u00f3n & visi\u00f3n de la empresa es clara, atender las necesidades de nuestros clientes, proporcion\u00e1ndoles servicios y productos acordes.","breadcrumb":{"@id":"https:\/\/armadurasatarrabia.com\/misionvision\/#breadcrumb"},"inLanguage":"fr-FR","potentialAction":[{"@type":"ReadAction","target":["https:\/\/armadurasatarrabia.com\/misionvision\/"]}]},{"@type":"BreadcrumbList","@id":"https:\/\/armadurasatarrabia.com\/misionvision\/#breadcrumb","itemListElement":[{"@type":"ListItem","position":1,"name":"Home","item":"https:\/\/armadurasatarrabia.com\/"},{"@type":"ListItem","position":2,"name":"Misi\u00f3n &#038; visi\u00f3n"}]},{"@type":"WebSite","@id":"https:\/\/armadurasatarrabia.com\/#website","url":"https:\/\/armadurasatarrabia.com\/","name":"Armaduras Atarrabia","description":"Premier fabricant de barres d'armature en Navarre","publisher":{"@id":"https:\/\/armadurasatarrabia.com\/#organization"},"potentialAction":[{"@type":"SearchAction","target":{"@type":"EntryPoint","urlTemplate":"https:\/\/armadurasatarrabia.com\/?s={search_term_string}"},"query-input":{"@type":"PropertyValueSpecification","valueRequired":true,"valueName":"search_term_string"}}],"inLanguage":"fr-FR"},{"@type":"Organization","@id":"https:\/\/armadurasatarrabia.com\/#organization","name":"Groupe Atarrabia","url":"https:\/\/armadurasatarrabia.com\/","logo":{"@type":"ImageObject","inLanguage":"fr-FR","@id":"https:\/\/armadurasatarrabia.com\/#\/schema\/logo\/image\/","url":"https:\/\/armadurasatarrabia.com\/wp-content\/uploads\/2023\/09\/atarrabia.png","contentUrl":"https:\/\/armadurasatarrabia.com\/wp-content\/uploads\/2023\/09\/atarrabia.png","width":588,"height":401,"caption":"Grupo Atarrabia"},"image":{"@id":"https:\/\/armadurasatarrabia.com\/#\/schema\/logo\/image\/"}}]}},"_links":{"self":[{"href":"https:\/\/armadurasatarrabia.com\/fr\/wp-json\/wp\/v2\/pages\/607","targetHints":{"allow":["GET"]}}],"collection":[{"href":"https:\/\/armadurasatarrabia.com\/fr\/wp-json\/wp\/v2\/pages"}],"about":[{"href":"https:\/\/armadurasatarrabia.com\/fr\/wp-json\/wp\/v2\/types\/page"}],"author":[{"embeddable":true,"href":"https:\/\/armadurasatarrabia.com\/fr\/wp-json\/wp\/v2\/users\/1"}],"replies":[{"embeddable":true,"href":"https:\/\/armadurasatarrabia.com\/fr\/wp-json\/wp\/v2\/comments?post=607"}],"version-history":[{"count":40,"href":"https:\/\/armadurasatarrabia.com\/fr\/wp-json\/wp\/v2\/pages\/607\/revisions"}],"predecessor-version":[{"id":1047,"href":"https:\/\/armadurasatarrabia.com\/fr\/wp-json\/wp\/v2\/pages\/607\/revisions\/1047"}],"wp:attachment":[{"href":"https:\/\/armadurasatarrabia.com\/fr\/wp-json\/wp\/v2\/media?parent=607"}],"curies":[{"name":"wp","href":"https:\/\/api.w.org\/{rel}","templated":true}]}}