{"id":558,"date":"2023-08-11T13:53:30","date_gmt":"2023-08-11T11:53:30","guid":{"rendered":"https:\/\/armadurasatarrabia.com\/?page_id=558"},"modified":"2025-11-09T21:10:35","modified_gmt":"2025-11-09T20:10:35","slug":"subvencion","status":"publish","type":"page","link":"https:\/\/armadurasatarrabia.com\/fr\/subvencion\/","title":{"rendered":"subvencion"},"content":{"rendered":"<div id=\"fws_69dfce37c5177\"  data-column-margin=\"20px\" data-midnight=\"dark\" data-top-percent=\"4%\" data-bottom-percent=\"4%\"  class=\"wpb_row vc_row-fluid vc_row full-width-content vc_row-o-equal-height vc_row-flex vc_row-o-content-top  zindex-set right_padding_5pct left_padding_5pct right_padding_phone_14px left_padding_phone_14px\"  style=\"padding-top: calc(100vw * 0.04); padding-bottom: calc(100vw * 0.04);  z-index: 10;\"><div class=\"row-bg-wrap\" data-bg-animation=\"none\" data-bg-animation-delay=\"\" data-bg-overlay=\"false\"><div class=\"inner-wrap row-bg-layer\" ><div class=\"row-bg viewport-desktop using-bg-color\"  style=\"background-color: #f0f2f6; \"><\/div><\/div><\/div><div class=\"row_col_wrap_12 col span_12 dark left\">\n\t<div style=\"\" class=\"vc_col-sm-7 wpb_column column_container vc_column_container col el_spacing_0px bottom_margin_tablet_20px col-overflow-hidden left_padding_desktop_4vw left_padding_tablet_8vw top_padding_desktop_4vw top_padding_tablet_8vw right_padding_desktop_4vw right_padding_tablet_8vw bottom_padding_desktop_4vw bottom_padding_tablet_8vw\" data-using-bg=\"true\" data-border-radius=\"15px\" data-padding-pos=\"all\" data-has-bg-color=\"true\" data-bg-color=\"#ffffff\" data-bg-opacity=\"1\" data-animation=\"\" data-delay=\"0\" >\n\t\t<div class=\"vc_column-inner\" ><div class=\"column-bg-overlay-wrap column-bg-layer\" data-bg-animation=\"none\"><div class=\"column-bg-overlay\" style=\"opacity: 1; background-color: #ffffff;\"><\/div><\/div>\n\t\t\t<div class=\"wpb_wrapper\">\n\t\t\t\t<div id=\"fws_69dfce37c56a6\" data-midnight=\"\" data-column-margin=\"default\" class=\"wpb_row vc_row-fluid vc_row inner_row\"  style=\"\"><div class=\"row-bg-wrap\"> <div class=\"row-bg\" ><\/div> <\/div><div class=\"row_col_wrap_12_inner col span_12  left\">\n\t<div style=\" color: #0a0000;\" class=\"vc_col-sm-12 wpb_column column_container vc_column_container col child_column el_spacing_10px top_padding_phone_30px right_padding_desktop_25pct right_padding_tablet_33vw right_padding_phone_0px\" data-cfc=\"true\"  data-padding-pos=\"all\" data-has-bg-color=\"false\" data-bg-color=\"\" data-bg-opacity=\"1\" data-animation=\"\" data-delay=\"0\" >\n\t\t<div class=\"vc_column-inner\" >\n\t\t<div class=\"wpb_wrapper\">\n\t\t\t<div class=\"nectar-responsive-text font_size_desktop_1-8vw font_size_tablet_22px font_line_height_1-3 nectar-link-underline-effect\"><h1 class=\"entry-title\">Subvenci\u00f3n del Gobierno de Navarra para autoconsumo fotovoltaico de 100 kW<\/h1>\n<\/div><div class=\"nectar-responsive-text font_size_min_14px font_size_max_20px font_size_desktop_1-1vw font_line_height_1-5 nectar-link-underline-effect\"><p>Fondos Next Generation o Plan de Recuperaci\u00f3n, Transformaci\u00f3n y Resiliencia<\/p>\n<\/div>\n\t\t<\/div> \n\t<\/div>\n\t<\/div> \n<\/div><\/div><div id=\"fws_69dfce37c5e05\" data-midnight=\"\" data-column-margin=\"default\" class=\"wpb_row vc_row-fluid vc_row inner_row  row_position_relative top_position_desktop_10pct\"  style=\"\"><div class=\"row-bg-wrap\"> <div class=\"row-bg\" ><\/div> <\/div><div class=\"row_col_wrap_12_inner col span_12  left\">\n\t<div  class=\"vc_col-sm-12 wpb_column column_container vc_column_container col child_column no-extra-padding inherit_tablet inherit_phone\"   data-padding-pos=\"all\" data-has-bg-color=\"false\" data-bg-color=\"\" data-bg-opacity=\"1\" data-animation=\"\" data-delay=\"0\" >\n\t\t<div class=\"vc_column-inner\" >\n\t\t<div class=\"wpb_wrapper\">\n\t\t\t<div class=\"img-with-aniamtion-wrap  margin_top_phone_-20px\" data-max-width=\"100%\" data-max-width-mobile=\"default\" data-border-radius=\"20px\" data-shadow=\"small_depth\" data-animation=\"none\"  style=\"margin-top: -50px; margin-bottom: 30px; \">\n      <div class=\"inner\">\n        <div class=\"hover-wrap\"> \n          <div class=\"hover-wrap-inner\">\n            <a href=\"https:\/\/armadurasatarrabia.com\/wp-content\/uploads\/2025\/11\/Armaduras-Atarrabia-Modulos-1-scaled.jpg\" class=\"pp\">\n              <img decoding=\"async\" class=\"img-with-animation skip-lazy\" data-delay=\"0\" height=\"1920\" width=\"2560\" data-animation=\"none\" src=\"https:\/\/armadurasatarrabia.com\/wp-content\/uploads\/2025\/11\/Armaduras-Atarrabia-Modulos-1-scaled.jpg\" alt=\"\" srcset=\"https:\/\/armadurasatarrabia.com\/wp-content\/uploads\/2025\/11\/Armaduras-Atarrabia-Modulos-1-scaled.jpg 2560w, https:\/\/armadurasatarrabia.com\/wp-content\/uploads\/2025\/11\/Armaduras-Atarrabia-Modulos-1-300x225.jpg 300w, https:\/\/armadurasatarrabia.com\/wp-content\/uploads\/2025\/11\/Armaduras-Atarrabia-Modulos-1-1024x768.jpg 1024w, https:\/\/armadurasatarrabia.com\/wp-content\/uploads\/2025\/11\/Armaduras-Atarrabia-Modulos-1-768x576.jpg 768w, https:\/\/armadurasatarrabia.com\/wp-content\/uploads\/2025\/11\/Armaduras-Atarrabia-Modulos-1-1536x1152.jpg 1536w, https:\/\/armadurasatarrabia.com\/wp-content\/uploads\/2025\/11\/Armaduras-Atarrabia-Modulos-1-2048x1536.jpg 2048w, https:\/\/armadurasatarrabia.com\/wp-content\/uploads\/2025\/11\/Armaduras-Atarrabia-Modulos-1-16x12.jpg 16w\" sizes=\"(max-width: 2560px) 100vw, 2560px\" \/>\n            <\/a>\n          <\/div>\n        <\/div>\n      <\/div>\n      <\/div>\n\t\t<\/div> \n\t<\/div>\n\t<\/div> \n<\/div><\/div>\n\t\t\t<\/div> \n\t\t<\/div>\n\t<\/div> \n\n\t<div style=\" color: #000000;\" class=\"vc_col-sm-5 wpb_column column_container vc_column_container col el_spacing_20px left_padding_desktop_4vw left_padding_tablet_8vw top_padding_desktop_4vw top_padding_tablet_8vw right_padding_desktop_4vw right_padding_tablet_8vw bottom_padding_desktop_4vw bottom_padding_tablet_8vw\" data-cfc=\"true\" data-using-bg=\"true\" data-border-radius=\"15px\" data-padding-pos=\"all\" data-has-bg-color=\"true\" data-bg-color=\"#ffffff\" data-bg-opacity=\"1\" data-animation=\"\" data-delay=\"0\" >\n\t\t<div class=\"vc_column-inner\" ><div class=\"column-bg-overlay-wrap column-bg-layer\" data-bg-animation=\"none\"><div class=\"column-bg-overlay\" style=\"opacity: 1; background-color: #ffffff;\"><\/div><\/div>\n\t\t\t<div class=\"wpb_wrapper\">\n\t\t\t\t<div id=\"fws_69dfce37c6475\" data-midnight=\"\" data-column-margin=\"default\" class=\"wpb_row vc_row-fluid vc_row inner_row\"  style=\"\"><div class=\"row-bg-wrap\"> <div class=\"row-bg\" ><\/div> <\/div><div class=\"row_col_wrap_12_inner col span_12  left\">\n\t<div style=\" color: #000000;\" class=\"vc_col-sm-12 wpb_column column_container vc_column_container col child_column el_spacing_10px right_padding_tablet_33vw right_padding_phone_0px\" data-cfc=\"true\"  data-padding-pos=\"all\" data-has-bg-color=\"false\" data-bg-color=\"\" data-bg-opacity=\"1\" data-animation=\"\" data-delay=\"0\" >\n\t\t<div class=\"vc_column-inner\" >\n\t\t<div class=\"wpb_wrapper\">\n\t\t\t<div class=\"nectar-badge nectar-inherit-label nectar-display-block text-color-ffffff padding-amount-small badge-style-default\" style=\"margin-bottom: 20px; \"><div class=\"nectar-badge__inner nectar-bg-accent-color\">Armaduras Atarrabia S.L.<\/div><\/div><div class=\"nectar-responsive-text font_size_min_14px font_size_max_20px font_size_desktop_1-1vw font_line_height_1-5 nectar-link-underline-effect\"><p>Armaduras Atarrabia S.L. ha recibido apoyo para la realizaci\u00f3n de una instalaci\u00f3n de autoconsumo fotovoltaico de 100 kW con el fin de reducir el gasto energ\u00e9tico que soporta la empresa.<\/p>\n<\/div><div class=\"divider-wrap\" data-alignment=\"default\"><div style=\"height: 3vh;\" class=\"divider\"><\/div><\/div>\n\t\t<\/div> \n\t<\/div>\n\t<\/div> \n<\/div><\/div><div class=\"img-with-aniamtion-wrap  margin_top_phone_-5px\" data-max-width=\"100%\" data-max-width-mobile=\"default\" data-border-radius=\"20px\" data-shadow=\"small_depth\" data-animation=\"none\" >\n      <div class=\"inner\">\n        <div class=\"hover-wrap\"> \n          <div class=\"hover-wrap-inner\">\n            <a href=\"https:\/\/armadurasatarrabia.com\/wp-content\/uploads\/2025\/11\/Armaduras-Atarrabia-Modulos-2-scaled.jpg\" class=\"pp\">\n              <img decoding=\"async\" class=\"img-with-animation skip-lazy\" data-delay=\"0\" height=\"1920\" width=\"2560\" data-animation=\"none\" src=\"https:\/\/armadurasatarrabia.com\/wp-content\/uploads\/2025\/11\/Armaduras-Atarrabia-Modulos-2-scaled.jpg\" alt=\"\" srcset=\"https:\/\/armadurasatarrabia.com\/wp-content\/uploads\/2025\/11\/Armaduras-Atarrabia-Modulos-2-scaled.jpg 2560w, https:\/\/armadurasatarrabia.com\/wp-content\/uploads\/2025\/11\/Armaduras-Atarrabia-Modulos-2-300x225.jpg 300w, https:\/\/armadurasatarrabia.com\/wp-content\/uploads\/2025\/11\/Armaduras-Atarrabia-Modulos-2-1024x768.jpg 1024w, https:\/\/armadurasatarrabia.com\/wp-content\/uploads\/2025\/11\/Armaduras-Atarrabia-Modulos-2-768x576.jpg 768w, https:\/\/armadurasatarrabia.com\/wp-content\/uploads\/2025\/11\/Armaduras-Atarrabia-Modulos-2-1536x1152.jpg 1536w, https:\/\/armadurasatarrabia.com\/wp-content\/uploads\/2025\/11\/Armaduras-Atarrabia-Modulos-2-2048x1536.jpg 2048w, https:\/\/armadurasatarrabia.com\/wp-content\/uploads\/2025\/11\/Armaduras-Atarrabia-Modulos-2-16x12.jpg 16w\" sizes=\"(max-width: 2560px) 100vw, 2560px\" \/>\n            <\/a>\n          <\/div>\n        <\/div>\n      <\/div>\n      <\/div>\n\t\t\t<\/div> \n\t\t<\/div>\n\t<\/div> \n<\/div><\/div>\n\t\t<div id=\"fws_69dfce37c6963\"  data-column-margin=\"default\" data-midnight=\"dark\"  class=\"wpb_row vc_row-fluid vc_row\"  style=\"padding-top: 0px; padding-bottom: 0px; \"><div class=\"row-bg-wrap\" data-bg-animation=\"none\" data-bg-animation-delay=\"\" data-bg-overlay=\"false\"><div class=\"inner-wrap row-bg-layer\" ><div class=\"row-bg viewport-desktop\"  style=\"\"><\/div><\/div><\/div><div class=\"row_col_wrap_12 col span_12 dark left\">\n\t<div  class=\"vc_col-sm-12 wpb_column column_container vc_column_container col centered-text no-extra-padding inherit_tablet inherit_phone\"  data-padding-pos=\"all\" data-has-bg-color=\"false\" data-bg-color=\"\" data-bg-opacity=\"1\" data-animation=\"\" data-delay=\"0\" >\n\t\t<div class=\"vc_column-inner\" >\n\t\t\t<div class=\"wpb_wrapper\">\n\t\t\t\t<div class=\"img-with-aniamtion-wrap\" data-max-width=\"100%\" data-max-width-mobile=\"default\" data-shadow=\"none\" data-animation=\"none\" >\n      <div class=\"inner\">\n        <div class=\"hover-wrap\"> \n          <div class=\"hover-wrap-inner\">\n            <a href=\"https:\/\/armadurasatarrabia.com\/wp-content\/uploads\/2025\/11\/logotipos_web.jpg\" class=\"pp\">\n              <img decoding=\"async\" class=\"img-with-animation skip-lazy\" data-delay=\"0\" height=\"56\" width=\"1024\" data-animation=\"none\" src=\"https:\/\/armadurasatarrabia.com\/wp-content\/uploads\/2025\/11\/logotipos_web.jpg\" alt=\"\" srcset=\"https:\/\/armadurasatarrabia.com\/wp-content\/uploads\/2025\/11\/logotipos_web.jpg 1024w, https:\/\/armadurasatarrabia.com\/wp-content\/uploads\/2025\/11\/logotipos_web-300x16.jpg 300w, https:\/\/armadurasatarrabia.com\/wp-content\/uploads\/2025\/11\/logotipos_web-768x42.jpg 768w, https:\/\/armadurasatarrabia.com\/wp-content\/uploads\/2025\/11\/logotipos_web-18x1.jpg 18w, https:\/\/armadurasatarrabia.com\/wp-content\/uploads\/2025\/11\/logotipos_web-1000x56.jpg 1000w\" sizes=\"(max-width: 1024px) 100vw, 1024px\" \/>\n            <\/a>\n          <\/div>\n        <\/div>\n      <\/div>\n      <\/div>\n\t\t\t<\/div> \n\t\t<\/div>\n\t<\/div> \n<\/div><\/div>","protected":false},"excerpt":{"rendered":"Subvenci\u00f3n del Gobierno de Navarra para autoconsumo fotovoltaico de 100 kW Fondos Next Generation o Plan de Recuperaci\u00f3n, Transformaci\u00f3n y Resiliencia Armaduras Atarrabia S.L.Armaduras Atarrabia S.L. ha recibido apoyo para...","protected":false},"author":1,"featured_media":0,"parent":0,"menu_order":0,"comment_status":"closed","ping_status":"closed","template":"","meta":{"footnotes":""},"class_list":["post-558","page","type-page","status-publish"],"yoast_head":"<!-- This site is optimized with the Yoast SEO Premium plugin v20.12 (Yoast SEO v27.4) - https:\/\/yoast.com\/product\/yoast-seo-premium-wordpress\/ -->\n<title>subvencion - Armaduras Atarrabia<\/title>\n<meta name=\"robots\" content=\"index, follow, max-snippet:-1, max-image-preview:large, max-video-preview:-1\" \/>\n<link rel=\"canonical\" href=\"https:\/\/armadurasatarrabia.com\/fr\/subvencion\/\" \/>\n<meta property=\"og:locale\" content=\"fr_FR\" \/>\n<meta property=\"og:type\" content=\"article\" \/>\n<meta property=\"og:title\" content=\"subvencion\" \/>\n<meta property=\"og:url\" content=\"https:\/\/armadurasatarrabia.com\/fr\/subvencion\/\" \/>\n<meta property=\"og:site_name\" content=\"Armaduras Atarrabia\" \/>\n<meta property=\"article:modified_time\" content=\"2025-11-09T20:10:35+00:00\" \/>\n<meta property=\"og:image\" content=\"https:\/\/armadurasatarrabia.com\/wp-content\/uploads\/2023\/08\/armaduras_2-e1691764157637.webp\" \/>\n\t<meta property=\"og:image:width\" content=\"1200\" \/>\n\t<meta property=\"og:image:height\" content=\"510\" \/>\n\t<meta property=\"og:image:type\" content=\"image\/webp\" \/>\n<meta name=\"twitter:card\" content=\"summary_large_image\" \/>\n<meta name=\"twitter:label1\" content=\"Dur\u00e9e de lecture estim\u00e9e\" \/>\n\t<meta name=\"twitter:data1\" content=\"3 minutes\" \/>\n<script type=\"application\/ld+json\" class=\"yoast-schema-graph\">{\"@context\":\"https:\\\/\\\/schema.org\",\"@graph\":[{\"@type\":\"WebPage\",\"@id\":\"https:\\\/\\\/armadurasatarrabia.com\\\/subvencion\\\/\",\"url\":\"https:\\\/\\\/armadurasatarrabia.com\\\/subvencion\\\/\",\"name\":\"subvencion - Armaduras Atarrabia\",\"isPartOf\":{\"@id\":\"https:\\\/\\\/armadurasatarrabia.com\\\/#website\"},\"datePublished\":\"2023-08-11T11:53:30+00:00\",\"dateModified\":\"2025-11-09T20:10:35+00:00\",\"breadcrumb\":{\"@id\":\"https:\\\/\\\/armadurasatarrabia.com\\\/subvencion\\\/#breadcrumb\"},\"inLanguage\":\"fr-FR\",\"potentialAction\":[{\"@type\":\"ReadAction\",\"target\":[\"https:\\\/\\\/armadurasatarrabia.com\\\/subvencion\\\/\"]}]},{\"@type\":\"BreadcrumbList\",\"@id\":\"https:\\\/\\\/armadurasatarrabia.com\\\/subvencion\\\/#breadcrumb\",\"itemListElement\":[{\"@type\":\"ListItem\",\"position\":1,\"name\":\"Home\",\"item\":\"https:\\\/\\\/armadurasatarrabia.com\\\/\"},{\"@type\":\"ListItem\",\"position\":2,\"name\":\"subvencion\"}]},{\"@type\":\"WebSite\",\"@id\":\"https:\\\/\\\/armadurasatarrabia.com\\\/#website\",\"url\":\"https:\\\/\\\/armadurasatarrabia.com\\\/\",\"name\":\"Armaduras Atarrabia\",\"description\":\"Fabricante de ferralla l\u00edder en Navarra\",\"publisher\":{\"@id\":\"https:\\\/\\\/armadurasatarrabia.com\\\/#organization\"},\"potentialAction\":[{\"@type\":\"SearchAction\",\"target\":{\"@type\":\"EntryPoint\",\"urlTemplate\":\"https:\\\/\\\/armadurasatarrabia.com\\\/?s={search_term_string}\"},\"query-input\":{\"@type\":\"PropertyValueSpecification\",\"valueRequired\":true,\"valueName\":\"search_term_string\"}}],\"inLanguage\":\"fr-FR\"},{\"@type\":\"Organization\",\"@id\":\"https:\\\/\\\/armadurasatarrabia.com\\\/#organization\",\"name\":\"Grupo Atarrabia\",\"url\":\"https:\\\/\\\/armadurasatarrabia.com\\\/\",\"logo\":{\"@type\":\"ImageObject\",\"inLanguage\":\"fr-FR\",\"@id\":\"https:\\\/\\\/armadurasatarrabia.com\\\/#\\\/schema\\\/logo\\\/image\\\/\",\"url\":\"https:\\\/\\\/armadurasatarrabia.com\\\/wp-content\\\/uploads\\\/2023\\\/09\\\/atarrabia.png\",\"contentUrl\":\"https:\\\/\\\/armadurasatarrabia.com\\\/wp-content\\\/uploads\\\/2023\\\/09\\\/atarrabia.png\",\"width\":588,\"height\":401,\"caption\":\"Grupo Atarrabia\"},\"image\":{\"@id\":\"https:\\\/\\\/armadurasatarrabia.com\\\/#\\\/schema\\\/logo\\\/image\\\/\"}}]}<\/script>\n<!-- \/ Yoast SEO Premium plugin. -->","yoast_head_json":{"title":"subvencion - Armaduras Atarrabia","robots":{"index":"index","follow":"follow","max-snippet":"max-snippet:-1","max-image-preview":"max-image-preview:large","max-video-preview":"max-video-preview:-1"},"canonical":"https:\/\/armadurasatarrabia.com\/fr\/subvencion\/","og_locale":"fr_FR","og_type":"article","og_title":"subvencion","og_url":"https:\/\/armadurasatarrabia.com\/fr\/subvencion\/","og_site_name":"Armaduras Atarrabia","article_modified_time":"2025-11-09T20:10:35+00:00","og_image":[{"width":1200,"height":510,"url":"https:\/\/armadurasatarrabia.com\/wp-content\/uploads\/2023\/08\/armaduras_2-e1691764157637.webp","type":"image\/webp"}],"twitter_card":"summary_large_image","twitter_misc":{"Dur\u00e9e de lecture estim\u00e9e":"3 minutes"},"schema":{"@context":"https:\/\/schema.org","@graph":[{"@type":"WebPage","@id":"https:\/\/armadurasatarrabia.com\/subvencion\/","url":"https:\/\/armadurasatarrabia.com\/subvencion\/","name":"subvencion - Armaduras Atarrabia","isPartOf":{"@id":"https:\/\/armadurasatarrabia.com\/#website"},"datePublished":"2023-08-11T11:53:30+00:00","dateModified":"2025-11-09T20:10:35+00:00","breadcrumb":{"@id":"https:\/\/armadurasatarrabia.com\/subvencion\/#breadcrumb"},"inLanguage":"fr-FR","potentialAction":[{"@type":"ReadAction","target":["https:\/\/armadurasatarrabia.com\/subvencion\/"]}]},{"@type":"BreadcrumbList","@id":"https:\/\/armadurasatarrabia.com\/subvencion\/#breadcrumb","itemListElement":[{"@type":"ListItem","position":1,"name":"Home","item":"https:\/\/armadurasatarrabia.com\/"},{"@type":"ListItem","position":2,"name":"subvencion"}]},{"@type":"WebSite","@id":"https:\/\/armadurasatarrabia.com\/#website","url":"https:\/\/armadurasatarrabia.com\/","name":"Armaduras Atarrabia","description":"Premier fabricant de barres d'armature en Navarre","publisher":{"@id":"https:\/\/armadurasatarrabia.com\/#organization"},"potentialAction":[{"@type":"SearchAction","target":{"@type":"EntryPoint","urlTemplate":"https:\/\/armadurasatarrabia.com\/?s={search_term_string}"},"query-input":{"@type":"PropertyValueSpecification","valueRequired":true,"valueName":"search_term_string"}}],"inLanguage":"fr-FR"},{"@type":"Organization","@id":"https:\/\/armadurasatarrabia.com\/#organization","name":"Groupe Atarrabia","url":"https:\/\/armadurasatarrabia.com\/","logo":{"@type":"ImageObject","inLanguage":"fr-FR","@id":"https:\/\/armadurasatarrabia.com\/#\/schema\/logo\/image\/","url":"https:\/\/armadurasatarrabia.com\/wp-content\/uploads\/2023\/09\/atarrabia.png","contentUrl":"https:\/\/armadurasatarrabia.com\/wp-content\/uploads\/2023\/09\/atarrabia.png","width":588,"height":401,"caption":"Grupo Atarrabia"},"image":{"@id":"https:\/\/armadurasatarrabia.com\/#\/schema\/logo\/image\/"}}]}},"_links":{"self":[{"href":"https:\/\/armadurasatarrabia.com\/fr\/wp-json\/wp\/v2\/pages\/558","targetHints":{"allow":["GET"]}}],"collection":[{"href":"https:\/\/armadurasatarrabia.com\/fr\/wp-json\/wp\/v2\/pages"}],"about":[{"href":"https:\/\/armadurasatarrabia.com\/fr\/wp-json\/wp\/v2\/types\/page"}],"author":[{"embeddable":true,"href":"https:\/\/armadurasatarrabia.com\/fr\/wp-json\/wp\/v2\/users\/1"}],"replies":[{"embeddable":true,"href":"https:\/\/armadurasatarrabia.com\/fr\/wp-json\/wp\/v2\/comments?post=558"}],"version-history":[{"count":36,"href":"https:\/\/armadurasatarrabia.com\/fr\/wp-json\/wp\/v2\/pages\/558\/revisions"}],"predecessor-version":[{"id":1397,"href":"https:\/\/armadurasatarrabia.com\/fr\/wp-json\/wp\/v2\/pages\/558\/revisions\/1397"}],"wp:attachment":[{"href":"https:\/\/armadurasatarrabia.com\/fr\/wp-json\/wp\/v2\/media?parent=558"}],"curies":[{"name":"wp","href":"https:\/\/api.w.org\/{rel}","templated":true}]}}