{"id":607,"date":"2023-08-13T01:55:28","date_gmt":"2023-08-12T23:55:28","guid":{"rendered":"https:\/\/armadurasatarrabia.com\/?page_id=607"},"modified":"2023-09-17T11:39:59","modified_gmt":"2023-09-17T09:39:59","slug":"misionvision","status":"publish","type":"page","link":"https:\/\/armadurasatarrabia.com\/en\/misionvision\/","title":{"rendered":"Mission &amp; Vision"},"content":{"rendered":"<div id=\"fws_69dfcf22a3db7\"  data-column-margin=\"default\" data-midnight=\"dark\"  class=\"wpb_row vc_row-fluid vc_row full-width-content vc_row-o-full-height vc_row-o-columns-stretch vc_row-o-equal-height vc_row-flex vc_row-o-content-middle\"  style=\"padding-top: 0px; padding-bottom: 0px; \"><div class=\"row-bg-wrap\" data-bg-animation=\"none\" data-bg-animation-delay=\"\" data-bg-overlay=\"false\"><div class=\"inner-wrap row-bg-layer\" ><div class=\"row-bg viewport-desktop\"  style=\"\"><\/div><\/div><\/div><div class=\"row_col_wrap_12 col span_12 dark left\">\n\t<div style=\"\" class=\"vc_col-sm-6 wpb_column column_container vc_column_container col no-extra-padding inherit_tablet inherit_phone\" data-using-bg=\"true\" data-padding-pos=\"all\" data-has-bg-color=\"false\" data-bg-color=\"\" data-bg-opacity=\"1\" data-animation=\"\" data-delay=\"0\" >\n\t\t<div class=\"vc_column-inner\" ><div class=\"column-image-bg-wrap column-bg-layer viewport-desktop\" data-bg-pos=\"center center\" data-bg-animation=\"none\" data-bg-overlay=\"false\"><div class=\"inner-wrap\"><div class=\"column-image-bg\" style=\"background-image: url(https:\/\/armadurasatarrabia.com\/wp-content\/uploads\/2023\/08\/handshake_1.jpg); \"><\/div><\/div><\/div>\n\t\t\t<div class=\"wpb_wrapper\">\n\t\t\t\t<div class=\"divider-wrap\" data-alignment=\"default\"><div style=\"height: 300px;\" class=\"divider\"><\/div><\/div>\n\t\t\t<\/div> \n\t\t<\/div>\n\t<\/div> \n\n\t<div style=\"\" class=\"vc_col-sm-6 wpb_column column_container vc_column_container col has-animation padding-8-percent inherit_tablet inherit_phone\" data-using-bg=\"true\" data-padding-pos=\"all\" data-has-bg-color=\"true\" data-bg-color=\"#ffffff\" data-bg-opacity=\"1\" data-animation=\"fade-in-from-right\" data-delay=\"0\" >\n\t\t<div class=\"vc_column-inner\" ><div class=\"column-bg-overlay-wrap column-bg-layer\" data-bg-animation=\"none\"><div class=\"column-bg-overlay\" style=\"opacity: 1; background-color: #ffffff;\"><\/div><\/div>\n\t\t\t<div class=\"wpb_wrapper\">\n\t\t\t\t\n<div class=\"nectar-animated-title\" data-style=\"color-strip-reveal\" data-color=\"accent-color\">\n\t<div class=\"nectar-animated-title-outer\">\n\t\t<div class=\"nectar-animated-title-inner\">\n\t\t\t<div class=\"wrap\"><h5 style=\"color: #ffffff;\">Mission, Vision<\/h5><\/div>\n\t\t<\/div>\n\t<\/div>\n<\/div>\n<div class=\"wpb_text_column wpb_content_element  vc_custom_1692444205325\" >\n\t<div class=\"wpb_wrapper\">\n\t\t<h4><strong><span style=\"color: #ff0000;\">The Mission<\/span><\/strong>\u00a0ARMADURAS ATARRABIA's mission is to meet the needs of our customers, providing them with services and products in accordance with our quality standards, always trying to be respectful with the environment. Likewise, our qualified employees are our greatest asset and we always try to make ARMADURAS ATARRABIA the perfect place where they can develop their professional skills and at the same time reconcile their personal life.<\/h4>\n\t<\/div>\n<\/div>\n\n\n\n\n<div class=\"wpb_text_column wpb_content_element  vc_custom_1692444200783\" >\n\t<div class=\"wpb_wrapper\">\n\t\t<h4><strong><span style=\"color: #ff0000;\">The Vision<\/span><\/strong>\u00a0ARMADURAS ATARRABIA's vision for the future is to be a leading company in continuous growth, with a national presence and expansion, distinguished by offering its customers an excellent and quality service. In short, to be the benchmark in our sector.<\/h4>\n\t<\/div>\n<\/div>\n\n\n\n\n\t\t\t<\/div> \n\t\t<\/div>\n\t<\/div> \n<\/div><\/div>\n\t\t<div id=\"about-text\"  data-column-margin=\"default\" data-midnight=\"dark\" data-top-percent=\"5%\" data-bottom-percent=\"7%\"  class=\"wpb_row vc_row-fluid vc_row full-width-section\"  style=\"padding-top: calc(100vw * 0.05); padding-bottom: calc(100vw * 0.07); \"><div class=\"row-bg-wrap\" data-bg-animation=\"none\" data-bg-animation-delay=\"\" data-bg-overlay=\"false\"><div class=\"inner-wrap row-bg-layer\" ><div class=\"row-bg viewport-desktop using-bg-color\"  style=\"background-color: #ffffff; \"><\/div><\/div><\/div><div class=\"row_col_wrap_12 col span_12 dark left\">\n\t<div  class=\"vc_col-sm-12 wpb_column column_container vc_column_container col has-animation no-extra-padding inherit_tablet inherit_phone\"  data-padding-pos=\"all\" data-has-bg-color=\"false\" data-bg-color=\"\" data-bg-opacity=\"1\" data-animation=\"fade-in-from-bottom\" data-delay=\"0\" >\n\t\t<div class=\"vc_column-inner\" >\n\t\t\t<div class=\"wpb_wrapper\">\n\t\t\t\t\n<div class=\"wpb_text_column wpb_content_element  vc_custom_1691885415579\" >\n\t<div class=\"wpb_wrapper\">\n\t\t<h1><strong>Values of a committed company:<\/strong><\/h1>\n\t<\/div>\n<\/div>\n\n\n\n<div id=\"fws_69dfcf22a44cb\" data-midnight=\"\" data-column-margin=\"default\" class=\"wpb_row vc_row-fluid vc_row inner_row\"  style=\"\"><div class=\"row-bg-wrap\"> <div class=\"row-bg\" ><\/div> <\/div><div class=\"row_col_wrap_12_inner col span_12  left\">\n\t<div  class=\"vc_col-sm-6 wpb_column column_container vc_column_container col child_column has-animation padding-3-percent inherit_tablet inherit_phone\"   data-padding-pos=\"top-bottom\" data-has-bg-color=\"false\" data-bg-color=\"\" data-bg-opacity=\"1\" data-animation=\"fade-in-from-bottom\" data-delay=\"0\" >\n\t\t<div class=\"vc_column-inner\" >\n\t\t<div class=\"wpb_wrapper\">\n\t\t\t\n<div class=\"nectar-animated-title\" data-style=\"color-strip-reveal\" data-color=\"accent-color\">\n\t<div class=\"nectar-animated-title-outer\">\n\t\t<div class=\"nectar-animated-title-inner\">\n\t\t\t<div class=\"wrap\"><h6 style=\"color: #ffffff;\">Economy<\/h6><\/div>\n\t\t<\/div>\n\t<\/div>\n<\/div>\n<div class=\"wpb_text_column wpb_content_element  vc_custom_1691925714577\" >\n\t<div class=\"wpb_wrapper\">\n\t\t<blockquote><p>\n<span style=\"color: #ff0000;\"><strong>Optimising<\/strong><\/span> we reduce the kilos of iron to a minimum.<\/p>\n<p>One-way lath for slabs and walls up to \u00d825 with consequential <strong><span style=\"color: #ff0000;\">savings<\/span><\/strong> in overlaps.<\/p>\n<p>Our large production capacity will enable us to supply you with the material in the shortest possible time. <strong><span style=\"color: #ff0000;\">t<\/span><span style=\"color: #ff0000;\"><strong>i<\/strong>ecord time<\/span><\/strong> eliminating unplanned stops.<\/p>\n<p>A product of great <strong><span style=\"color: #ff0000;\">quality<\/span><\/strong> that will be customised, reducing modifications and installation times on site.\n<\/p><\/blockquote>\n\t<\/div>\n<\/div>\n\n\n\n\n\t\t<\/div> \n\t<\/div>\n\t<\/div> \n\n\t<div  class=\"vc_col-sm-6 wpb_column column_container vc_column_container col child_column has-animation padding-3-percent inherit_tablet inherit_phone\"   data-padding-pos=\"top-bottom\" data-has-bg-color=\"false\" data-bg-color=\"\" data-bg-opacity=\"1\" data-animation=\"fade-in-from-bottom\" data-delay=\"100\" >\n\t\t<div class=\"vc_column-inner\" >\n\t\t<div class=\"wpb_wrapper\">\n\t\t\t\n<div class=\"nectar-animated-title\" data-style=\"color-strip-reveal\" data-color=\"accent-color\">\n\t<div class=\"nectar-animated-title-outer\">\n\t\t<div class=\"nectar-animated-title-inner\">\n\t\t\t<div class=\"wrap\"><h6 style=\"color: #ffffff;\">Ecology<\/h6><\/div>\n\t\t<\/div>\n\t<\/div>\n<\/div>\n<div class=\"wpb_text_column wpb_content_element  vc_custom_1691885580662\" >\n\t<div class=\"wpb_wrapper\">\n\t\t<blockquote><p>\nOur computer systems adapted to the latest generation of machinery allow us to carry out a production process with the most efficient and efficient <strong><span style=\"color: #ff0000;\">minimal waste<\/span><\/strong> making a maximum contribution to the environment.<\/p>\n<p>The waste produced in our factories is disposed of in compliance with the environmental regulations in force in our country. It is our responsibility to be as environmentally friendly as possible. <span style=\"color: #ff0000;\"><strong>a company committed to sustainability<\/strong>.<\/span>\n<\/p><\/blockquote>\n\t<\/div>\n<\/div>\n\n\n\n\n\t\t<\/div> \n\t<\/div>\n\t<\/div> \n<\/div><\/div>\n\t\t\t<\/div> \n\t\t<\/div>\n\t<\/div> \n<\/div><\/div>","protected":false},"excerpt":{"rendered":"Mission, Vision The mission of ARMADURAS ATARRABIA is to meet the needs of our customers, providing them with services and products in accordance with our quality standards, always trying to be respectful with the environment. Thus...","protected":false},"author":1,"featured_media":0,"parent":0,"menu_order":0,"comment_status":"closed","ping_status":"closed","template":"","meta":{"footnotes":""},"class_list":["post-607","page","type-page","status-publish"],"yoast_head":"<!-- This site is optimized with the Yoast SEO Premium plugin v20.12 (Yoast SEO v27.4) - https:\/\/yoast.com\/product\/yoast-seo-premium-wordpress\/ -->\n<title>Armaduras Atarrabia - Misi\u00f3n &amp; visi\u00f3n<\/title>\n<meta name=\"description\" content=\"La misi\u00f3n &amp; visi\u00f3n de la empresa es clara, atender las necesidades de nuestros clientes, proporcion\u00e1ndoles servicios y productos acordes.\" \/>\n<meta name=\"robots\" content=\"index, follow, max-snippet:-1, max-image-preview:large, max-video-preview:-1\" \/>\n<link rel=\"canonical\" href=\"https:\/\/armadurasatarrabia.com\/en\/misionvision\/\" \/>\n<meta property=\"og:locale\" content=\"en_GB\" \/>\n<meta property=\"og:type\" content=\"article\" \/>\n<meta property=\"og:title\" content=\"Misi\u00f3n &amp; visi\u00f3n\" \/>\n<meta property=\"og:description\" content=\"La misi\u00f3n &amp; visi\u00f3n de la empresa es clara, atender las necesidades de nuestros clientes, proporcion\u00e1ndoles servicios y productos acordes.\" \/>\n<meta property=\"og:url\" content=\"https:\/\/armadurasatarrabia.com\/en\/misionvision\/\" \/>\n<meta property=\"og:site_name\" content=\"Armaduras Atarrabia\" \/>\n<meta property=\"article:modified_time\" content=\"2023-09-17T09:39:59+00:00\" \/>\n<meta property=\"og:image\" content=\"https:\/\/armadurasatarrabia.com\/wp-content\/uploads\/2023\/08\/armaduras_2-e1691764157637.webp\" \/>\n\t<meta property=\"og:image:width\" content=\"1200\" \/>\n\t<meta property=\"og:image:height\" content=\"510\" \/>\n\t<meta property=\"og:image:type\" content=\"image\/webp\" \/>\n<meta name=\"twitter:card\" content=\"summary_large_image\" \/>\n<meta name=\"twitter:label1\" content=\"Estimated reading time\" \/>\n\t<meta name=\"twitter:data1\" content=\"2 minutes\" \/>\n<script type=\"application\/ld+json\" class=\"yoast-schema-graph\">{\"@context\":\"https:\\\/\\\/schema.org\",\"@graph\":[{\"@type\":\"WebPage\",\"@id\":\"https:\\\/\\\/armadurasatarrabia.com\\\/misionvision\\\/\",\"url\":\"https:\\\/\\\/armadurasatarrabia.com\\\/misionvision\\\/\",\"name\":\"Armaduras Atarrabia - Misi\u00f3n & visi\u00f3n\",\"isPartOf\":{\"@id\":\"https:\\\/\\\/armadurasatarrabia.com\\\/#website\"},\"datePublished\":\"2023-08-12T23:55:28+00:00\",\"dateModified\":\"2023-09-17T09:39:59+00:00\",\"description\":\"La misi\u00f3n & visi\u00f3n de la empresa es clara, atender las necesidades de nuestros clientes, proporcion\u00e1ndoles servicios y productos acordes.\",\"breadcrumb\":{\"@id\":\"https:\\\/\\\/armadurasatarrabia.com\\\/misionvision\\\/#breadcrumb\"},\"inLanguage\":\"en-GB\",\"potentialAction\":[{\"@type\":\"ReadAction\",\"target\":[\"https:\\\/\\\/armadurasatarrabia.com\\\/misionvision\\\/\"]}]},{\"@type\":\"BreadcrumbList\",\"@id\":\"https:\\\/\\\/armadurasatarrabia.com\\\/misionvision\\\/#breadcrumb\",\"itemListElement\":[{\"@type\":\"ListItem\",\"position\":1,\"name\":\"Home\",\"item\":\"https:\\\/\\\/armadurasatarrabia.com\\\/\"},{\"@type\":\"ListItem\",\"position\":2,\"name\":\"Misi\u00f3n &#038; visi\u00f3n\"}]},{\"@type\":\"WebSite\",\"@id\":\"https:\\\/\\\/armadurasatarrabia.com\\\/#website\",\"url\":\"https:\\\/\\\/armadurasatarrabia.com\\\/\",\"name\":\"Armaduras Atarrabia\",\"description\":\"Fabricante de ferralla l\u00edder en Navarra\",\"publisher\":{\"@id\":\"https:\\\/\\\/armadurasatarrabia.com\\\/#organization\"},\"potentialAction\":[{\"@type\":\"SearchAction\",\"target\":{\"@type\":\"EntryPoint\",\"urlTemplate\":\"https:\\\/\\\/armadurasatarrabia.com\\\/?s={search_term_string}\"},\"query-input\":{\"@type\":\"PropertyValueSpecification\",\"valueRequired\":true,\"valueName\":\"search_term_string\"}}],\"inLanguage\":\"en-GB\"},{\"@type\":\"Organization\",\"@id\":\"https:\\\/\\\/armadurasatarrabia.com\\\/#organization\",\"name\":\"Grupo Atarrabia\",\"url\":\"https:\\\/\\\/armadurasatarrabia.com\\\/\",\"logo\":{\"@type\":\"ImageObject\",\"inLanguage\":\"en-GB\",\"@id\":\"https:\\\/\\\/armadurasatarrabia.com\\\/#\\\/schema\\\/logo\\\/image\\\/\",\"url\":\"https:\\\/\\\/armadurasatarrabia.com\\\/wp-content\\\/uploads\\\/2023\\\/09\\\/atarrabia.png\",\"contentUrl\":\"https:\\\/\\\/armadurasatarrabia.com\\\/wp-content\\\/uploads\\\/2023\\\/09\\\/atarrabia.png\",\"width\":588,\"height\":401,\"caption\":\"Grupo Atarrabia\"},\"image\":{\"@id\":\"https:\\\/\\\/armadurasatarrabia.com\\\/#\\\/schema\\\/logo\\\/image\\\/\"}}]}<\/script>\n<!-- \/ Yoast SEO Premium plugin. -->","yoast_head_json":{"title":"Armaduras Atarrabia - Misi\u00f3n & visi\u00f3n","description":"La misi\u00f3n & visi\u00f3n de la empresa es clara, atender las necesidades de nuestros clientes, proporcion\u00e1ndoles servicios y productos acordes.","robots":{"index":"index","follow":"follow","max-snippet":"max-snippet:-1","max-image-preview":"max-image-preview:large","max-video-preview":"max-video-preview:-1"},"canonical":"https:\/\/armadurasatarrabia.com\/en\/misionvision\/","og_locale":"en_GB","og_type":"article","og_title":"Misi\u00f3n & visi\u00f3n","og_description":"La misi\u00f3n & visi\u00f3n de la empresa es clara, atender las necesidades de nuestros clientes, proporcion\u00e1ndoles servicios y productos acordes.","og_url":"https:\/\/armadurasatarrabia.com\/en\/misionvision\/","og_site_name":"Armaduras Atarrabia","article_modified_time":"2023-09-17T09:39:59+00:00","og_image":[{"width":1200,"height":510,"url":"https:\/\/armadurasatarrabia.com\/wp-content\/uploads\/2023\/08\/armaduras_2-e1691764157637.webp","type":"image\/webp"}],"twitter_card":"summary_large_image","twitter_misc":{"Estimated reading time":"2 minutes"},"schema":{"@context":"https:\/\/schema.org","@graph":[{"@type":"WebPage","@id":"https:\/\/armadurasatarrabia.com\/misionvision\/","url":"https:\/\/armadurasatarrabia.com\/misionvision\/","name":"Armaduras Atarrabia - Misi\u00f3n & visi\u00f3n","isPartOf":{"@id":"https:\/\/armadurasatarrabia.com\/#website"},"datePublished":"2023-08-12T23:55:28+00:00","dateModified":"2023-09-17T09:39:59+00:00","description":"La misi\u00f3n & visi\u00f3n de la empresa es clara, atender las necesidades de nuestros clientes, proporcion\u00e1ndoles servicios y productos acordes.","breadcrumb":{"@id":"https:\/\/armadurasatarrabia.com\/misionvision\/#breadcrumb"},"inLanguage":"en-GB","potentialAction":[{"@type":"ReadAction","target":["https:\/\/armadurasatarrabia.com\/misionvision\/"]}]},{"@type":"BreadcrumbList","@id":"https:\/\/armadurasatarrabia.com\/misionvision\/#breadcrumb","itemListElement":[{"@type":"ListItem","position":1,"name":"Home","item":"https:\/\/armadurasatarrabia.com\/"},{"@type":"ListItem","position":2,"name":"Misi\u00f3n &#038; visi\u00f3n"}]},{"@type":"WebSite","@id":"https:\/\/armadurasatarrabia.com\/#website","url":"https:\/\/armadurasatarrabia.com\/","name":"Armaduras Atarrabia","description":"Leading rebar manufacturer in Navarre","publisher":{"@id":"https:\/\/armadurasatarrabia.com\/#organization"},"potentialAction":[{"@type":"SearchAction","target":{"@type":"EntryPoint","urlTemplate":"https:\/\/armadurasatarrabia.com\/?s={search_term_string}"},"query-input":{"@type":"PropertyValueSpecification","valueRequired":true,"valueName":"search_term_string"}}],"inLanguage":"en-GB"},{"@type":"Organization","@id":"https:\/\/armadurasatarrabia.com\/#organization","name":"Atarrabia Group","url":"https:\/\/armadurasatarrabia.com\/","logo":{"@type":"ImageObject","inLanguage":"en-GB","@id":"https:\/\/armadurasatarrabia.com\/#\/schema\/logo\/image\/","url":"https:\/\/armadurasatarrabia.com\/wp-content\/uploads\/2023\/09\/atarrabia.png","contentUrl":"https:\/\/armadurasatarrabia.com\/wp-content\/uploads\/2023\/09\/atarrabia.png","width":588,"height":401,"caption":"Grupo Atarrabia"},"image":{"@id":"https:\/\/armadurasatarrabia.com\/#\/schema\/logo\/image\/"}}]}},"_links":{"self":[{"href":"https:\/\/armadurasatarrabia.com\/en\/wp-json\/wp\/v2\/pages\/607","targetHints":{"allow":["GET"]}}],"collection":[{"href":"https:\/\/armadurasatarrabia.com\/en\/wp-json\/wp\/v2\/pages"}],"about":[{"href":"https:\/\/armadurasatarrabia.com\/en\/wp-json\/wp\/v2\/types\/page"}],"author":[{"embeddable":true,"href":"https:\/\/armadurasatarrabia.com\/en\/wp-json\/wp\/v2\/users\/1"}],"replies":[{"embeddable":true,"href":"https:\/\/armadurasatarrabia.com\/en\/wp-json\/wp\/v2\/comments?post=607"}],"version-history":[{"count":40,"href":"https:\/\/armadurasatarrabia.com\/en\/wp-json\/wp\/v2\/pages\/607\/revisions"}],"predecessor-version":[{"id":1047,"href":"https:\/\/armadurasatarrabia.com\/en\/wp-json\/wp\/v2\/pages\/607\/revisions\/1047"}],"wp:attachment":[{"href":"https:\/\/armadurasatarrabia.com\/en\/wp-json\/wp\/v2\/media?parent=607"}],"curies":[{"name":"wp","href":"https:\/\/api.w.org\/{rel}","templated":true}]}}